{"id":11637,"date":"2024-04-03T11:04:19","date_gmt":"2024-04-03T11:04:19","guid":{"rendered":"https:\/\/ammawindows.com\/datenschutzerklaerung\/"},"modified":"2026-02-25T13:20:16","modified_gmt":"2026-02-25T13:20:16","slug":"datenschutzerklaerung","status":"publish","type":"page","link":"https:\/\/ammawindows.com\/de\/datenschutzerklaerung\/","title":{"rendered":"Datenschutzerkl\u00e4rung"},"content":{"rendered":"\t\t<div data-elementor-type=\"wp-page\" data-elementor-id=\"11637\" class=\"elementor elementor-11637 elementor-2396\" data-elementor-post-type=\"page\">\n\t\t\t\t<div class=\"elementor-element elementor-element-d76eb0e e-flex e-con-boxed e-con e-parent\" data-id=\"d76eb0e\" data-element_type=\"container\" data-e-type=\"container\" data-settings=\"{&quot;enable_glow_container&quot;:&quot;no&quot;}\">\n\t\t\t\t\t<div class=\"e-con-inner\">\n\t\t\t\t<div class=\"elementor-element elementor-element-4350c2b elementor-widget elementor-widget-heading\" data-id=\"4350c2b\" data-element_type=\"widget\" data-e-type=\"widget\" data-widget_type=\"heading.default\">\n\t\t\t\t<div class=\"elementor-widget-container\">\n\t\t\t\t\t<h1 class=\"elementor-heading-title elementor-size-default\">Inhalt der Nutzungsbedingungen<\/h1>\t\t\t\t<\/div>\n\t\t\t\t<\/div>\n\t\t\t\t<div class=\"elementor-element elementor-element-d812b69 elementor-widget elementor-widget-text-editor\" data-id=\"d812b69\" data-element_type=\"widget\" data-e-type=\"widget\" data-widget_type=\"text-editor.default\">\n\t\t\t\t<div class=\"elementor-widget-container\">\n\t\t\t\t\t\t\t\t\t<p>Definitionen<\/p><ol><li><strong>Administrator (Wir)<\/strong> \u2013 <a style=\"background-color: #f8f8f8;\" href=\"https:\/\/%5Bstrona%5D\/\">[Website]<\/a><\/li><li><strong>Personenbezogene Daten<\/strong> \u2013 alle Informationen \u00fcber eine identifizierte oder identifizierbare nat\u00fcrliche Person, die durch einen oder mehrere besondere Faktoren bestimmt werden kann, welche die physische, physiologische, genetische, psychische, wirtschaftliche, kulturelle oder soziale Identit\u00e4t kennzeichnen, einschlie\u00dflich der IP-Adresse des Ger\u00e4ts, Standortdaten, Online-Kennungen sowie Informationen, die \u00fcber Cookies und \u00e4hnliche Technologien gesammelt werden.<\/li><li><strong>Richtlinie<\/strong> \u2013 diese Datenschutzerkl\u00e4rung.<\/li><li><strong>DSGVO<\/strong> \u2013 Verordnung (EU) 2016\/679 des Europ\u00e4ischen Parlaments und des Rates vom 27. April 2016 zum Schutz nat\u00fcrlicher Personen bei der Verarbeitung personenbezogener Daten, zum freien Datenverkehr und zur Aufhebung der Richtlinie 95\/46\/EG. <\/li><li><strong>Website<\/strong> \u2013 die von uns betriebene Website unter der Adresse <a href=\"https:\/\/%5Bstrona%5D\">[Website]<\/a><\/li><li><strong>Nutzer (Sie)<\/strong> \u2013 jede nat\u00fcrliche Person, die die Website besucht oder eine oder mehrere der in der Richtlinie beschriebenen Dienstleistungen oder Funktionen nutzt<\/li><\/ol><p>Datenverarbeitung im Zusammenhang mit der Nutzung der Website<\/p><ul><li>Im Zusammenhang mit Ihrer Nutzung der Website erheben wir Ihre Daten in dem Umfang, der f\u00fcr die Bereitstellung der einzelnen angebotenen Dienstleistungen erforderlich ist, sowie Informationen \u00fcber Ihre Aktivit\u00e4ten auf der Website. Nachfolgend werden die detaillierten Grunds\u00e4tze und Zwecke der Verarbeitung personenbezogener Daten beschrieben, die w\u00e4hrend Ihrer Nutzung der Website erhoben werden. <\/li><\/ul><p>Zwecke und Rechtsgrundlagen der Datenverarbeitung auf der Website<\/p><p>Nutzung der Website<\/p><ol><li>Wir verarbeiten personenbezogene Daten aller Personen, die die Website nutzen (einschlie\u00dflich IP-Adresse oder anderer Kennungen sowie Informationen, die \u00fcber Cookies oder \u00e4hnliche Technologien gesammelt werden) und keine registrierten Nutzer sind (d. h. Personen ohne Profil auf der Website) zu folgenden Zwecken:<ol><li>zur Erbringung elektronischer Dienstleistungen im Rahmen der Bereitstellung von auf der Website gesammelten Inhalten f\u00fcr Nutzer \u2013 in diesem Fall ist die Rechtsgrundlage der Verarbeitung die Erforderlichkeit der Verarbeitung zur Vertragserf\u00fcllung (Art. 6 Abs. 1 lit. b DSGVO);<\/li><li>zu Analyse- und Statistikzwecken \u2013 in diesem Fall ist die Rechtsgrundlage der Verarbeitung unser berechtigtes Interesse (Art. 6 Abs. 1 lit. f DSGVO), das in der Durchf\u00fchrung von Analysen der Nutzeraktivit\u00e4ten sowie deren Pr\u00e4ferenzen zur Verbesserung der eingesetzten Funktionen und erbrachten Dienstleistungen besteht;<\/li><li>zur eventuellen Geltendmachung und Durchsetzung von Anspr\u00fcchen oder zur Verteidigung gegen diese \u2013 die Rechtsgrundlage der Verarbeitung ist unser berechtigtes Interesse (Art. 6 Abs. 1 lit. f DSGVO), das im Schutz unserer Rechte besteht;<\/li><li>zu Marketingzwecken (unseren und denen unserer Partner), insbesondere im Zusammenhang mit der Anzeige verhaltensbasierter Werbung \u2013 die Grunds\u00e4tze der Verarbeitung personenbezogener Daten zu Marketingzwecken sind im Abschnitt \u201eMARKETING\u201c beschrieben.<\/li><\/ol><\/li><li>Ihre Aktivit\u00e4ten auf der Website, einschlie\u00dflich Ihrer personenbezogenen Daten, werden in Systemprotokollen erfasst. Die in den Protokollen gesammelten Informationen werden in erster Linie zu Zwecken im Zusammenhang mit der Erbringung von Dienstleistungen verarbeitet. Wir verarbeiten sie auch zu technischen und administrativen Zwecken, zur Gew\u00e4hrleistung der Sicherheit des IT-Systems und zur Verwaltung dieses Systems sowie zu Analyse- und Statistikzwecken \u2013 in diesem Bereich ist die Rechtsgrundlage der Verarbeitung unser berechtigtes Interesse (Art. 6 Abs. 1 lit. f DSGVO).  <\/li><\/ol><p>Nutzung kostenpflichtiger Dienste auf der Website<\/p><ol><li>Wenn Sie eine Bestellung (Kauf einer Ware oder Dienstleistung) auf der Website aufgeben, verarbeiten wir Ihre personenbezogenen Daten zu folgenden Zwecken:<ol><li>zur Erf\u00fcllung der aufgegebenen Bestellung \u2013 die Rechtsgrundlage der Verarbeitung ist die Erforderlichkeit der Verarbeitung zur Vertragserf\u00fcllung (Art. 6 Abs. 1 lit. b DSGVO); im Hinblick auf fakultativ angegebene Daten ist die Rechtsgrundlage der Verarbeitung die Einwilligung (Art. 6 Abs. 1 lit. a DSGVO);<\/li><li>zur Erf\u00fcllung der uns obliegenden gesetzlichen Pflichten, die sich insbesondere aus steuerrechtlichen und buchhalterischen Vorschriften ergeben \u2013 die Rechtsgrundlage der Verarbeitung ist die rechtliche Verpflichtung (Art. 6 Abs. 1 lit. c DSGVO);<\/li><li>zu Analyse- und Statistikzwecken \u2013 die Rechtsgrundlage der Verarbeitung ist unser berechtigtes Interesse (Art. 6 Abs. 1 lit. f DSGVO), das in der Durchf\u00fchrung von Analysen Ihrer Aktivit\u00e4ten auf der Website sowie Ihrer Kaufpr\u00e4ferenzen zur Verbesserung der eingesetzten Funktionen besteht;<\/li><li>zur eventuellen Geltendmachung und Durchsetzung von Anspr\u00fcchen oder zur Verteidigung gegen diese \u2013 die Rechtsgrundlage der Verarbeitung ist unser berechtigtes Interesse (Art. 6 Abs. 1 lit. f DSGVO), das im Schutz unserer Rechte besteht.<\/li><\/ol><\/li><\/ol><p>Kontaktformulare<\/p><ol><li>Auf der Website bieten wir die M\u00f6glichkeit, uns \u00fcber elektronische Kontaktformulare zu kontaktieren. Die Nutzung des Formulars erfordert die Angabe Ihrer personenbezogenen Daten, die erforderlich sind, damit wir Sie kontaktieren und Ihre Frage beantworten k\u00f6nnen. Im Formular k\u00f6nnen Sie auch weitere Daten angeben, um uns die Kontaktaufnahme oder die Bearbeitung der Anfrage zu erleichtern. Die Angabe der als obligatorisch gekennzeichneten Daten ist erforderlich, um die Anfrage anzunehmen und zu bearbeiten. Wenn Sie diese nicht angeben, k\u00f6nnen wir Ihre Frage nicht bearbeiten. Die Angabe weiterer Daten ist freiwillig.    <\/li><li>Personenbezogene Daten, die Sie uns \u00fcber das Kontaktformular \u00fcbermitteln, werden verarbeitet:<ol><li>zur Identifizierung Ihrer Person als Absender sowie zur Bearbeitung Ihrer \u00fcber das bereitgestellte Formular \u00fcbermittelten Anfrage \u2013 die Rechtsgrundlage der Verarbeitung ist die Erforderlichkeit der Verarbeitung zur Erf\u00fcllung des Dienstleistungsvertrags (Art. 6 Abs. 1 lit. b DSGVO);<\/li><li>zu Analyse- und Statistikzwecken \u2013 die Rechtsgrundlage der Verarbeitung ist unser berechtigtes Interesse (Art. 6 Abs. 1 lit. f DSGVO), das in der F\u00fchrung von Statistiken \u00fcber Anfragen besteht, die von Nutzern \u00fcber die Website eingereicht werden, um deren Funktionalit\u00e4t zu verbessern.<\/li><\/ol><\/li><\/ol><p>Marketing<\/p><ol><li>Wir verarbeiten Ihre personenbezogenen Daten zur Durchf\u00fchrung von Marketingma\u00dfnahmen, die Folgendes umfassen k\u00f6nnen:<ol><li>Anzeige von Marketinginhalten, die nicht an Ihre Pr\u00e4ferenzen angepasst sind (kontextbezogene Werbung);<\/li><li>Anzeige von Marketinginhalten, die Ihren Interessen entsprechen (verhaltensbasierte Werbung);<\/li><li>Versand von E-Mail-Benachrichtigungen \u00fcber interessante Angebote oder Inhalte, die in einigen F\u00e4llen kommerzielle Informationen enthalten (Newsletter-Dienst)<\/li><li>Durchf\u00fchrung anderer Arten von Aktivit\u00e4ten im Zusammenhang mit dem Direktmarketing von Waren und Dienstleistungen (Versand kommerzieller Informationen auf elektronischem Wege sowie Telemarketing-Aktivit\u00e4ten)<\/li><\/ol><\/li><li>Zur Durchf\u00fchrung von Marketingma\u00dfnahmen nutzen wir in einigen F\u00e4llen Profiling (sofern Sie dem zustimmen). Das bedeutet, dass wir durch die automatisierte Verarbeitung von Daten ausgew\u00e4hlte Faktoren in Bezug auf nat\u00fcrliche Personen bewerten, um deren Verhalten zu analysieren oder eine Prognose f\u00fcr die Zukunft zu erstellen. <\/li><\/ol><p>Direktmarketing<\/p><ol><li>Ihre personenbezogenen Daten k\u00f6nnen von uns auch verwendet werden, um Ihnen Marketinginhalte \u00fcber verschiedene Kan\u00e4le zukommen zu lassen, d. h. per E-Mail, MMS\/SMS oder telefonisch. Solche Ma\u00dfnahmen ergreifen wir nur, wenn Sie dem zugestimmt haben. Sie k\u00f6nnen Ihre Einwilligung jederzeit widerrufen.  <\/li><\/ol><p>Soziale Netzwerke<\/p><ol><li>Wir verarbeiten Ihre personenbezogenen Daten, wenn Sie unsere Profile in sozialen Medien (Facebook, YouTube, Instagram, Twitter) besuchen. Diese Daten werden ausschlie\u00dflich im Zusammenhang mit der F\u00fchrung des Profils verarbeitet, einschlie\u00dflich der Information \u00fcber unsere Aktivit\u00e4ten sowie der Bewerbung verschiedener Veranstaltungen, Dienstleistungen und Produkte. Die Rechtsgrundlage f\u00fcr die Verarbeitung personenbezogener Daten zu diesem Zweck ist unser berechtigtes Interesse (Art. 6 Abs. 1 lit. f DSGVO), das in der F\u00f6rderung unserer eigenen Marke besteht.  <\/li><\/ol><p>Cookies und \u00e4hnliche Technologien<\/p><ol><li>Cookies sind kleine Textdateien, die auf Ihrem Ger\u00e4t installiert werden, wenn Sie die Website durchsuchen. Cookies sammeln Informationen, die die Nutzung der Website erleichtern \u2013 z. B. durch Speicherung Ihrer Besuche auf der Website und der von Ihnen durchgef\u00fchrten Aktionen. Im Rahmen der Website k\u00f6nnen wir folgende Arten von Cookies verwenden:  <\/li><\/ol><p>Funktionale Cookies<\/p><ol><li>Wir verwenden sogenannte Service-Cookies in erster Linie, um Ihnen elektronisch erbrachte Dienstleistungen bereitzustellen und die Qualit\u00e4t dieser Dienstleistungen zu verbessern. In diesem Zusammenhang verwenden wir und andere Unternehmen, die f\u00fcr uns Analyse- und Statistikdienste erbringen, Cookies, indem wir Informationen speichern oder auf bereits in Ihrem Telekommunikationsendger\u00e4t (Computer, Telefon, Tablet usw.) gespeicherte Informationen zugreifen. Zu diesem Zweck verwendete Cookies umfassen:   <ol><li>Cookies mit von Ihnen eingegebenen Daten (Sitzungskennung) f\u00fcr die Dauer der Sitzung (User-Input-Cookies);<\/li><li>Authentifizierungs-Cookies, die f\u00fcr Dienste verwendet werden, die eine Authentifizierung f\u00fcr die Dauer der Sitzung erfordern (Authentication-Cookies);<\/li><li>Cookies zur Gew\u00e4hrleistung der Sicherheit, z. B. zur Erkennung von Missbrauch im Bereich der Authentifizierung (User-Centric-Security-Cookies);<\/li><li>Sitzungs-Cookies f\u00fcr Multimedia-Player (z. B. Flash-Player-Cookies) f\u00fcr die Dauer der Sitzung (Multimedia-Player-Session-Cookies);<\/li><li>persistente Cookies zur Personalisierung der Benutzeroberfl\u00e4che f\u00fcr die Dauer der Sitzung oder etwas l\u00e4nger (User-Interface-Customization-Cookies),<\/li><li>Cookies zur \u00dcberwachung des Website-Traffics, d. h. zur Datenanalyse, einschlie\u00dflich Google-Analytics-Cookies (dies sind Dateien, die von Google verwendet werden, um zu analysieren, wie Sie die Website nutzen, und um Statistiken und Berichte \u00fcber die Funktionsweise der Website zu erstellen). Google verwendet die gesammelten Daten nicht zur Identifizierung des Nutzers und kombiniert diese Informationen nicht, um eine Identifizierung zu erm\u00f6glichen. Detaillierte Informationen \u00fcber den Umfang und die Grunds\u00e4tze der Datenerhebung im Zusammenhang mit diesem Dienst finden Sie unter folgendem Link: <a href=\"https:\/\/www.google.com\/intl\/pl\/policies\/privacy\/partners\">https:\/\/www.google.com\/intl\/de\/policies\/privacy\/partners<\/a>.   <\/li><\/ol><\/li><\/ol><p>Marketing-Cookies<\/p><ol><li>Wir und unsere vertrauensw\u00fcrdigen Partner verwenden auch Cookies zu Marketingzwecken, u. a. im Zusammenhang mit der Ausrichtung verhaltensbasierter Werbung auf Sie. Zu diesem Zweck speichern wir und unsere vertrauensw\u00fcrdigen Partner Informationen oder greifen auf bereits in Ihrem Telekommunikationsendger\u00e4t (Computer, Telefon, Tablet usw.) gespeicherte Informationen zu. Die Verwendung von Cookies und der \u00fcber sie gesammelten personenbezogenen Daten zu Marketingzwecken, insbesondere im Bereich der Bewerbung von Dienstleistungen und Waren Dritter, erfordert Ihre Einwilligung, die jederzeit widerrufen werden kann.   <\/li><\/ol><p>Cookie-Verwaltung<\/p><ol><li>Wenn Sie keine Cookies erhalten m\u00f6chten, k\u00f6nnen Sie die Einstellungen Ihres Browsers \u00e4ndern. Wir weisen darauf hin, dass die Deaktivierung von Cookies, die f\u00fcr Authentifizierungsprozesse, Sicherheit und die Aufrechterhaltung von Benutzerpr\u00e4ferenzen erforderlich sind, die Nutzung der Website erschweren kann. <\/li><li>Um die Cookie-Einstellungen zu verwalten, w\u00e4hlen Sie aus der folgenden Liste den von Ihnen verwendeten Webbrowser aus und folgen Sie den Anweisungen:<ol><li>Edge<\/li><li>Internet Explorer<\/li><li>Chrome<\/li><li>Safari<\/li><li>Firefox<\/li><li>Opera<\/li><li>Mobile Ger\u00e4te:<\/li><li>Android<\/li><li>Safari (iOS)<\/li><li>Windows Phone<\/li><\/ol><\/li><\/ol><p>Wesentliche Marketingtechniken<\/p><ol><li>Zweck und Umfang der Datenerhebung sowie deren weitere Verarbeitung und Nutzung durch die Dienstanbieter sowie Kontaktm\u00f6glichkeiten und die Rechte des Nutzers in diesem Bereich sind in den Datenschutzerkl\u00e4rungen der Dienstanbieter beschrieben.<\/li><li>Wir k\u00f6nnen Remarketing-Techniken einsetzen, die es erm\u00f6glichen, Werbebotschaften an Ihr Verhalten auf der Website anzupassen, was den Eindruck erwecken kann, dass Ihre personenbezogenen Daten zur Nachverfolgung verwendet werden. In der Praxis \u00fcbermitteln wir jedoch keine Ihrer personenbezogenen Daten an Werbebetreiber. Die technologische Voraussetzung f\u00fcr solche Ma\u00dfnahmen ist die aktivierte Cookie-Unterst\u00fctzung. <\/li><li>Wir k\u00f6nnen L\u00f6sungen einsetzen, die das Nutzerverhalten durch Erstellung von Heatmaps und Aufzeichnung des Verhaltens auf der Website untersuchen. Diese Informationen werden anonymisiert, bevor sie an den Dienstbetreiber \u00fcbermittelt werden, sodass dieser nicht wei\u00df, auf welche nat\u00fcrliche Person sie sich beziehen. Insbesondere werden eingegebene Passw\u00f6rter und andere personenbezogene Daten nicht aufgezeichnet.  <\/li><\/ol><p>Dauer der Verarbeitung personenbezogener Daten<\/p><ol><li>Die Dauer, f\u00fcr die wir Ihre Daten verarbeiten, h\u00e4ngt von der Art der erbrachten Dienstleistung und dem Zweck der Verarbeitung ab. Grunds\u00e4tzlich werden die Daten f\u00fcr die Dauer der Erbringung der Dienstleistung oder der Erf\u00fcllung der Bestellung verarbeitet, bis Sie Ihre Einwilligung widerrufen oder einen wirksamen Widerspruch gegen die Verarbeitung der Daten erheben (in F\u00e4llen, in denen die Rechtsgrundlage f\u00fcr die Verarbeitung der Daten unser berechtigtes Interesse ist). <\/li><li>Die Dauer der Datenverarbeitung kann verl\u00e4ngert werden, wenn die Verarbeitung zur Geltendmachung und Durchsetzung etwaiger Anspr\u00fcche oder zur Verteidigung gegen diese erforderlich ist, und danach nur, wenn und soweit dies gesetzlich vorgeschrieben ist.<\/li><li>Nach Ablauf der Verarbeitungsdauer werden Ihre Daten unwiderruflich gel\u00f6scht oder anonymisiert.<\/li><\/ol><p>Ihre Rechte<\/p><ol><li>Im Zusammenhang mit der Verarbeitung Ihrer personenbezogenen Daten stehen Ihnen folgende Rechte zu:<ol><li><strong>Recht auf Auskunft \u00fcber die Verarbeitung personenbezogener Daten<\/strong> \u2013 auf dieser Grundlage stellen wir Ihnen auf Ihren Antrag Informationen \u00fcber die Verarbeitung der Daten zur Verf\u00fcgung, insbesondere \u00fcber die Zwecke und Rechtsgrundlagen der Verarbeitung, den Umfang der vorhandenen Daten, die Empf\u00e4nger, denen sie offengelegt werden, und den geplanten L\u00f6schtermin;<\/li><li><strong>Recht auf Erhalt einer Kopie der Daten<\/strong> \u2013 auf dieser Grundlage stellen wir Ihnen auf Ihren Antrag eine Kopie der verarbeiteten Daten zur Verf\u00fcgung, die die antragstellende Person betreffen;<\/li><li><strong>Recht auf Berichtigung<\/strong> \u2013 auf Ihren Antrag sind wir verpflichtet, etwaige Unstimmigkeiten oder Fehler in den verarbeiteten personenbezogenen Daten zu beseitigen und diese zu vervollst\u00e4ndigen, wenn sie unvollst\u00e4ndig sind;<\/li><li><strong>Recht auf L\u00f6schung der Daten<\/strong> \u2013 auf dieser Grundlage k\u00f6nnen Sie die L\u00f6schung von Daten verlangen, deren Verarbeitung f\u00fcr keinen der Zwecke, f\u00fcr die sie erhoben wurden, mehr erforderlich ist;<\/li><li><strong>Recht auf Einschr\u00e4nkung der Verarbeitung<\/strong> \u2013 auf dieser Grundlage stellen wir auf Ihren Antrag die Durchf\u00fchrung von Vorg\u00e4ngen mit Ihren personenbezogenen Daten ein \u2013 mit Ausnahme von Vorg\u00e4ngen, denen Sie zugestimmt haben \u2013 sowie deren Speicherung gem\u00e4\u00df den festgelegten Aufbewahrungsgrunds\u00e4tzen oder bis die Gr\u00fcnde f\u00fcr die Einschr\u00e4nkung der Datenverarbeitung entfallen;<\/li><li><strong>Recht auf Daten\u00fcbertragbarkeit<\/strong> \u2013 auf dieser Grundlage \u2013 soweit Ihre Daten im Zusammenhang mit einem geschlossenen Vertrag oder einer erteilten Einwilligung verarbeitet werden \u2013 stellen wir Ihnen die von Ihnen bereitgestellten Daten in einem maschinenlesbaren Format zur Verf\u00fcgung. Sie k\u00f6nnen auch verlangen, dass wir diese Daten an einen anderen Verantwortlichen \u00fcbermitteln \u2013 jedoch unter der Voraussetzung, dass wir \u00fcber die entsprechenden technischen M\u00f6glichkeiten verf\u00fcgen. <\/li><li><strong>Widerspruchsrecht gegen die Verarbeitung von Daten zu Marketingzwecken<\/strong> \u2013 Sie k\u00f6nnen jederzeit der Verarbeitung personenbezogener Daten zu Marketingzwecken widersprechen, ohne dass Sie diesen Widerspruch begr\u00fcnden m\u00fcssen;<\/li><li><strong>Widerspruchsrecht gegen andere Zwecke der Datenverarbeitung<\/strong> \u2013 Sie k\u00f6nnen jederzeit der Verarbeitung personenbezogener Daten widersprechen, die auf der Grundlage unseres berechtigten Interesses erfolgt (z. B. zu Analyse- oder Statistikzwecken oder aus Gr\u00fcnden des Eigentumsschutzes); der Widerspruch in diesem Bereich sollte eine Begr\u00fcndung enthalten;<\/li><li><strong>Recht auf Widerruf der Einwilligung<\/strong> \u2013 wenn die Daten auf der Grundlage Ihrer Einwilligung verarbeitet werden, haben Sie das Recht, diese jederzeit zu widerrufen, was jedoch die Rechtm\u00e4\u00dfigkeit der vor dem Widerruf der Einwilligung erfolgten Verarbeitung nicht ber\u00fchrt.<\/li><li><strong>Beschwerderecht<\/strong> \u2013 wenn Sie der Ansicht sind, dass die Art und Weise, wie wir Ihre personenbezogenen Daten verarbeiten, gegen die DSGVO oder andere Vorschriften zum Schutz personenbezogener Daten verst\u00f6\u00dft, k\u00f6nnen Sie eine Beschwerde beim Pr\u00e4sidenten des Bundesbeauftragten f\u00fcr den Datenschutz und die Informationsfreiheit einreichen.<\/li><\/ol><\/li><\/ol><p>Empf\u00e4nger der Daten<\/p><ol><li>Da wir Ihnen bestm\u00f6gliche Dienstleistungen erbringen m\u00f6chten, werden wir Ihre personenbezogenen Daten unseren vertrauensw\u00fcrdigen Partnern offenlegen, insbesondere Anbietern, die f\u00fcr die Verwaltung von IT-Systemen verantwortlich sind, Unternehmen wie Banken und Zahlungsdienstleistern, Unternehmen, die Buchhaltungsdienstleistungen erbringen, Kurierdiensten (im Zusammenhang mit der Auftragsabwicklung), Marketingagenturen (im Bereich Marketingdienstleistungen) sowie unseren verbundenen Unternehmen.<\/li><li>Ihre personenbezogenen Daten werden nur dann zu deren eigenen Zwecken, einschlie\u00dflich Marketingzwecken, an andere Unternehmen weitergegeben, wenn Sie dem zustimmen.<\/li><\/ol><p>Daten\u00fcbermittlung au\u00dferhalb des EWR<\/p><ol><li>Das Schutzniveau f\u00fcr personenbezogene Daten au\u00dferhalb des Europ\u00e4ischen Wirtschaftsraums (EWR) kann von dem durch europ\u00e4isches Recht gew\u00e4hrleisteten Niveau abweichen. Aus diesem Grund werden wir Ihre personenbezogenen Daten nur dann au\u00dferhalb des EWR \u00fcbermitteln, wenn dies erforderlich ist und ein angemessenes Schutzniveau gew\u00e4hrleistet ist. Sie werden jedes Mal dar\u00fcber informiert.  <\/li><\/ol><p>Sicherheit personenbezogener Daten<\/p><ol><li>Bitte beachten Sie, dass wir alle Ma\u00dfnahmen ergreifen, um sicherzustellen, dass Ihre personenbezogenen Daten von uns auf sichere Weise verarbeitet werden \u2013 insbesondere, dass nur autorisierte Personen Zugriff auf Ihre Daten haben und dies nur in dem Umfang, der aufgrund der von ihnen ausgef\u00fchrten Aufgaben erforderlich ist.<\/li><li>Wir ergreifen alle erforderlichen Ma\u00dfnahmen, damit unsere Subunternehmer und andere kooperierende Unternehmen die Anwendung angemessener Sicherheitsma\u00dfnahmen in jedem Fall gew\u00e4hrleisten, in dem sie Ihre personenbezogenen Daten in unserem Auftrag verarbeiten.<\/li><\/ol><p>Kontaktdaten<\/p><ol><li>In allen Angelegenheiten, die in dieser Richtlinie erw\u00e4hnt werden, insbesondere im Zusammenhang mit der Verarbeitung Ihrer personenbezogenen Daten, k\u00f6nnen Sie uns wie folgt kontaktieren:<ol><li>E-Mail <a href=\"mailto:%5BE-Mail%5D\">[E-Mail]<\/a><\/li><\/ol><\/li><\/ol>\t\t\t\t\t\t\t\t<\/div>\n\t\t\t\t<\/div>\n\t\t\t\t\t<\/div>\n\t\t\t\t<\/div>\n\t\t\t\t<\/div>\n\t\t","protected":false},"excerpt":{"rendered":"<p>Inhalt der Nutzungsbedingungen Definitionen Administrator (Wir) \u2013 [Website] Personenbezogene Daten \u2013 alle Informationen \u00fcber eine identifizierte oder identifizierbare nat\u00fcrliche Person, die durch einen oder mehrere besondere Faktoren bestimmt werden kann, welche die physische, physiologische, genetische, psychische, wirtschaftliche, kulturelle oder soziale Identit\u00e4t kennzeichnen, einschlie\u00dflich der IP-Adresse des Ger\u00e4ts, Standortdaten, Online-Kennungen sowie Informationen, die \u00fcber Cookies und [&hellip;]<\/p>\n","protected":false},"author":2,"featured_media":0,"parent":0,"menu_order":0,"comment_status":"closed","ping_status":"closed","template":"","meta":{"_acf_changed":false,"footnotes":""},"class_list":["post-11637","page","type-page","status-publish","hentry"],"acf":[],"_links":{"self":[{"href":"https:\/\/ammawindows.com\/de\/wp-json\/wp\/v2\/pages\/11637","targetHints":{"allow":["GET"]}}],"collection":[{"href":"https:\/\/ammawindows.com\/de\/wp-json\/wp\/v2\/pages"}],"about":[{"href":"https:\/\/ammawindows.com\/de\/wp-json\/wp\/v2\/types\/page"}],"author":[{"embeddable":true,"href":"https:\/\/ammawindows.com\/de\/wp-json\/wp\/v2\/users\/2"}],"replies":[{"embeddable":true,"href":"https:\/\/ammawindows.com\/de\/wp-json\/wp\/v2\/comments?post=11637"}],"version-history":[{"count":1,"href":"https:\/\/ammawindows.com\/de\/wp-json\/wp\/v2\/pages\/11637\/revisions"}],"predecessor-version":[{"id":11638,"href":"https:\/\/ammawindows.com\/de\/wp-json\/wp\/v2\/pages\/11637\/revisions\/11638"}],"wp:attachment":[{"href":"https:\/\/ammawindows.com\/de\/wp-json\/wp\/v2\/media?parent=11637"}],"curies":[{"name":"wp","href":"https:\/\/api.w.org\/{rel}","templated":true}]}}