{"id":10043,"date":"2024-12-17T10:29:18","date_gmt":"2024-12-17T10:29:18","guid":{"rendered":"https:\/\/ammawindows.com\/contact\/"},"modified":"2026-04-15T13:55:58","modified_gmt":"2026-04-15T13:55:58","slug":"contact","status":"publish","type":"page","link":"https:\/\/ammawindows.com\/en\/contact\/","title":{"rendered":"Contact"},"content":{"rendered":"\t\t<div data-elementor-type=\"wp-page\" data-elementor-id=\"10043\" class=\"elementor elementor-10043 elementor-3025\" data-elementor-post-type=\"page\">\n\t\t\t\t<div data-morphing-gradients-background=\"&lt;div  class=&quot;cew_morphingGradientsBackground&quot;&gt;&lt;canvas  data-color1=&quot;#A4BAD6&quot; data-color2=&quot;&quot; data-speed=&quot;1000&quot; data-blendingMode=&quot;linear&quot;  &gt;&lt;\/canvas&gt;&lt;\/div&gt;\" class=\"elementor-element elementor-element-3163652 e-con-full e-flex e-con e-parent\" data-id=\"3163652\" data-element_type=\"container\" data-e-type=\"container\" data-settings=\"{&quot;enable_morphing_gradients_background&quot;:&quot;yes&quot;,&quot;cew_animation_enable&quot;:&quot;yes&quot;,&quot;cew_animation_delay&quot;:0.5,&quot;cew_animation_clipPath_toggle&quot;:&quot;yes&quot;,&quot;cew_animation_to_clipPath_inset&quot;:{&quot;unit&quot;:&quot;custom&quot;,&quot;top&quot;:&quot;0.7vw&quot;,&quot;right&quot;:&quot;12vw&quot;,&quot;bottom&quot;:&quot;0.7vw&quot;,&quot;left&quot;:&quot;12vw&quot;,&quot;isLinked&quot;:false},&quot;cew_animation_duration&quot;:1.5,&quot;background_background&quot;:&quot;classic&quot;,&quot;gradient_color_1&quot;:&quot;#A4BAD6&quot;,&quot;cew_animation_to_clipPath_inset_tablet&quot;:{&quot;unit&quot;:&quot;vw&quot;,&quot;top&quot;:&quot;3&quot;,&quot;right&quot;:&quot;3&quot;,&quot;bottom&quot;:&quot;3&quot;,&quot;left&quot;:&quot;3&quot;,&quot;isLinked&quot;:true},&quot;cew_animation_to_clipPath_inset_mobile&quot;:{&quot;unit&quot;:&quot;vw&quot;,&quot;top&quot;:&quot;4&quot;,&quot;right&quot;:&quot;4&quot;,&quot;bottom&quot;:&quot;4&quot;,&quot;left&quot;:&quot;4&quot;,&quot;isLinked&quot;:true},&quot;cew_animation_ease&quot;:&quot;power1.out&quot;,&quot;cew_animation_to_borderRadius&quot;:{&quot;unit&quot;:&quot;px&quot;,&quot;top&quot;:&quot;18&quot;,&quot;right&quot;:&quot;18&quot;,&quot;bottom&quot;:&quot;18&quot;,&quot;left&quot;:&quot;18&quot;,&quot;isLinked&quot;:true},&quot;enable_glow_container&quot;:&quot;no&quot;,&quot;animation_gradient_type&quot;:&quot;type1&quot;,&quot;gradient_speed&quot;:1000,&quot;animation_gradient_color_mix&quot;:&quot;linear&quot;,&quot;cew_animation_from_clipPath_inset&quot;:{&quot;unit&quot;:&quot;%&quot;,&quot;top&quot;:0,&quot;right&quot;:0,&quot;bottom&quot;:0,&quot;left&quot;:0,&quot;isLinked&quot;:false},&quot;cew_animation_from_clipPath_inset_tablet&quot;:{&quot;unit&quot;:&quot;px&quot;,&quot;top&quot;:&quot;&quot;,&quot;right&quot;:&quot;&quot;,&quot;bottom&quot;:&quot;&quot;,&quot;left&quot;:&quot;&quot;,&quot;isLinked&quot;:true},&quot;cew_animation_from_clipPath_inset_mobile&quot;:{&quot;unit&quot;:&quot;px&quot;,&quot;top&quot;:&quot;&quot;,&quot;right&quot;:&quot;&quot;,&quot;bottom&quot;:&quot;&quot;,&quot;left&quot;:&quot;&quot;,&quot;isLinked&quot;:true},&quot;cew_animation_from_borderRadius&quot;:{&quot;unit&quot;:&quot;px&quot;,&quot;top&quot;:0,&quot;right&quot;:0,&quot;bottom&quot;:0,&quot;left&quot;:0,&quot;isLinked&quot;:false},&quot;cew_animation_from_borderRadius_tablet&quot;:{&quot;unit&quot;:&quot;px&quot;,&quot;top&quot;:&quot;&quot;,&quot;right&quot;:&quot;&quot;,&quot;bottom&quot;:&quot;&quot;,&quot;left&quot;:&quot;&quot;,&quot;isLinked&quot;:true},&quot;cew_animation_from_borderRadius_mobile&quot;:{&quot;unit&quot;:&quot;px&quot;,&quot;top&quot;:&quot;&quot;,&quot;right&quot;:&quot;&quot;,&quot;bottom&quot;:&quot;&quot;,&quot;left&quot;:&quot;&quot;,&quot;isLinked&quot;:true},&quot;cew_animation_to_borderRadius_tablet&quot;:{&quot;unit&quot;:&quot;px&quot;,&quot;top&quot;:&quot;&quot;,&quot;right&quot;:&quot;&quot;,&quot;bottom&quot;:&quot;&quot;,&quot;left&quot;:&quot;&quot;,&quot;isLinked&quot;:true},&quot;cew_animation_to_borderRadius_mobile&quot;:{&quot;unit&quot;:&quot;px&quot;,&quot;top&quot;:&quot;&quot;,&quot;right&quot;:&quot;&quot;,&quot;bottom&quot;:&quot;&quot;,&quot;left&quot;:&quot;&quot;,&quot;isLinked&quot;:true}}\">\n\t\t\t\t<div class=\"elementor-element elementor-element-a2eaff7 elementor-widget elementor-widget-heading\" data-id=\"a2eaff7\" data-element_type=\"widget\" data-e-type=\"widget\" data-settings=\"{&quot;enable_morphing_gradients_background&quot;:&quot;yes&quot;,&quot;animation_gradient_type&quot;:&quot;type1&quot;,&quot;gradient_speed&quot;:1000,&quot;animation_gradient_color_mix&quot;:&quot;linear&quot;}\" data-widget_type=\"heading.default\">\n\t\t\t\t<div class=\"elementor-widget-container\">\n\t\t\t\t\t<div data-scribble-type=\"basicUnderline\" class=\"cew-scribble-text\"><h1 class=\"elementor-heading-title elementor-size-default\"><b>Successful investments begin with quality joinery<\/b><\/h1><\/div>\t\t\t\t<\/div>\n\t\t\t\t<\/div>\n\t\t\t\t<div class=\"elementor-element elementor-element-0576d36 elementor-widget elementor-widget-text-editor\" data-id=\"0576d36\" data-element_type=\"widget\" data-e-type=\"widget\" data-widget_type=\"text-editor.default\">\n\t\t\t\t<div class=\"elementor-widget-container\">\n\t\t\t\t\t\t\t\t\t<p>You will find it with us. Tell us what you need, and we will prepare a non-binding offer. <\/p>\t\t\t\t\t\t\t\t<\/div>\n\t\t\t\t<\/div>\n\t\t<div class=\"elementor-element elementor-element-3c1a885 e-con-full e-flex e-con e-child\" data-id=\"3c1a885\" data-element_type=\"container\" data-e-type=\"container\" data-settings=\"{&quot;enable_glow_container&quot;:&quot;no&quot;}\">\n\t\t\t\t<div class=\"elementor-element elementor-element-e6f8934 elementor-widget elementor-widget-text-editor\" data-id=\"e6f8934\" data-element_type=\"widget\" data-e-type=\"widget\" data-widget_type=\"text-editor.default\">\n\t\t\t\t<div class=\"elementor-widget-container\">\n\t\t\t\t\t\t\t\t\t<p>AMMA Sp\u00f3\u0142ka z ograniczon\u0105 odpowiedzialno\u015bci\u0105 Sp.k. <br>Tax ID: 612 185 97 30 <br>KRS: 0000694585<br>\u2028REGON: 366070528<\/p>\t\t\t\t\t\t\t\t<\/div>\n\t\t\t\t<\/div>\n\t\t\t\t<div class=\"elementor-element elementor-element-f3ff253 elementor-widget elementor-widget-text-editor\" data-id=\"f3ff253\" data-element_type=\"widget\" data-e-type=\"widget\" data-widget_type=\"text-editor.default\">\n\t\t\t\t<div class=\"elementor-widget-container\">\n\t\t\t\t\t\t\t\t\t<p>ul. Ga\u0142czy\u0144skiego 13a 59-700 Boles\u0142awiec <\/p>\t\t\t\t\t\t\t\t<\/div>\n\t\t\t\t<\/div>\n\t\t\t\t<div class=\"elementor-element elementor-element-af06215 elementor-widget elementor-widget-text-editor\" data-id=\"af06215\" data-element_type=\"widget\" data-e-type=\"widget\" data-widget_type=\"text-editor.default\">\n\t\t\t\t<div class=\"elementor-widget-container\">\n\t\t\t\t\t\t\t\t\t<p>+48 75 732 74 73<\/p><p>amma@ammawindows.com<\/p>\t\t\t\t\t\t\t\t<\/div>\n\t\t\t\t<\/div>\n\t\t\t\t<div class=\"elementor-element elementor-element-9e4a7bc elementor-widget elementor-widget-text-editor\" data-id=\"9e4a7bc\" data-element_type=\"widget\" data-e-type=\"widget\" data-widget_type=\"text-editor.default\">\n\t\t\t\t<div class=\"elementor-widget-container\">\n\t\t\t\t\t\t\t\t\t<p>Opening hours:\u2028<br>Monday &#8211; Friday<br>08:00\u201316:00<\/p>\t\t\t\t\t\t\t\t<\/div>\n\t\t\t\t<\/div>\n\t\t\t\t<\/div>\n\t\t\t\t<\/div>\n\t\t<div class=\"elementor-element elementor-element-5e3b6b7 e-con-full e-flex e-con e-parent\" data-id=\"5e3b6b7\" data-element_type=\"container\" data-e-type=\"container\" data-settings=\"{&quot;enable_glow_container&quot;:&quot;no&quot;}\">\n\t\t<div class=\"elementor-element elementor-element-3d52b40 e-con-full e-flex e-con e-child\" data-id=\"3d52b40\" data-element_type=\"container\" data-e-type=\"container\" data-settings=\"{&quot;background_background&quot;:&quot;classic&quot;,&quot;enable_glow_container&quot;:&quot;no&quot;}\">\n\t\t\t\t<div class=\"elementor-element elementor-element-6c7ab16 elementor-widget elementor-widget-heading\" data-id=\"6c7ab16\" data-element_type=\"widget\" data-e-type=\"widget\" data-widget_type=\"heading.default\">\n\t\t\t\t<div class=\"elementor-widget-container\">\n\t\t\t\t\t<h2 class=\"elementor-heading-title elementor-size-default\">Our products are manufactured in Boles\u0142awiec<\/h2>\t\t\t\t<\/div>\n\t\t\t\t<\/div>\n\t\t\t\t<div class=\"elementor-element elementor-element-83326de elementor-widget elementor-widget-text-editor\" data-id=\"83326de\" data-element_type=\"widget\" data-e-type=\"widget\" data-widget_type=\"text-editor.default\">\n\t\t\t\t<div class=\"elementor-widget-container\">\n\t\t\t\t\t\t\t\t\t<p>From here, they reach customers worldwide. Let&#8217;s discuss joinery for your spaces. <\/p>\t\t\t\t\t\t\t\t<\/div>\n\t\t\t\t<\/div>\n\t\t\t\t<div class=\"elementor-element elementor-element-cf7dfad elementor-align-left elementor-widget elementor-widget-button\" data-id=\"cf7dfad\" data-element_type=\"widget\" data-e-type=\"widget\" data-widget_type=\"button.default\">\n\t\t\t\t<div class=\"elementor-widget-container\">\n\t\t\t\t\t\t\t\t\t<div class=\"elementor-button-wrapper\">\n\t\t\t\t\t<a class=\"elementor-button elementor-button-link elementor-size-sm\" href=\"tel:+%2048757327473\u2028\">\n\t\t\t\t\t\t<span class=\"elementor-button-content-wrapper\">\n\t\t\t\t\t\t<span class=\"elementor-button-icon\">\n\t\t\t\t<i aria-hidden=\"true\" class=\"fas fa-phone-alt\"><\/i>\t\t\t<\/span>\n\t\t\t\t\t\t\t\t\t<span class=\"elementor-button-text\">Call now<\/span>\n\t\t\t\t\t<\/span>\n\t\t\t\t\t<\/a>\n\t\t\t\t<\/div>\n\t\t\t\t\t\t\t\t<\/div>\n\t\t\t\t<\/div>\n\t\t\t\t<\/div>\n\t\t<div class=\"elementor-element elementor-element-6c18274 e-con-full e-flex e-con e-child\" data-id=\"6c18274\" data-element_type=\"container\" data-e-type=\"container\" data-settings=\"{&quot;background_background&quot;:&quot;classic&quot;,&quot;enable_glow_container&quot;:&quot;no&quot;}\">\n\t\t\t\t<div class=\"elementor-element elementor-element-c32b28a elementor-widget elementor-widget-google_maps\" data-id=\"c32b28a\" data-element_type=\"widget\" data-e-type=\"widget\" data-widget_type=\"google_maps.default\">\n\t\t\t\t<div class=\"elementor-widget-container\">\n\t\t\t\t\t\t\t<div class=\"elementor-custom-embed\">\n\t\t\t<iframe loading=\"lazy\"\n\t\t\t\t\tsrc=\"https:\/\/maps.google.com\/maps?q=ul.%20Ga%C5%82czy%C5%84skiego%2013a%2059-700%20Boles%C5%82awiec&#038;t=m&#038;z=14&#038;output=embed&#038;iwloc=near\"\n\t\t\t\t\ttitle=\"ul. Ga\u0142czy\u0144skiego 13a 59-700 Boles\u0142awiec\"\n\t\t\t\t\taria-label=\"ul. Ga\u0142czy\u0144skiego 13a 59-700 Boles\u0142awiec\"\n\t\t\t><\/iframe>\n\t\t<\/div>\n\t\t\t\t\t\t<\/div>\n\t\t\t\t<\/div>\n\t\t\t\t<\/div>\n\t\t\t\t<\/div>\n\t\t<div class=\"elementor-element elementor-element-4e8612c e-con-full e-flex e-con e-parent\" data-id=\"4e8612c\" data-element_type=\"container\" data-e-type=\"container\" data-settings=\"{&quot;enable_glow_container&quot;:&quot;no&quot;}\">\n\t\t<div class=\"elementor-element elementor-element-2dccdfd e-con-full e-flex e-con e-child\" data-id=\"2dccdfd\" data-element_type=\"container\" data-e-type=\"container\" data-settings=\"{&quot;enable_glow_container&quot;:&quot;no&quot;}\">\n\t\t\t\t<div class=\"elementor-element elementor-element-2e938a4 elementor-widget elementor-widget-heading\" data-id=\"2e938a4\" data-element_type=\"widget\" data-e-type=\"widget\" data-settings=\"{&quot;custom-text-animation&quot;:&quot;type3&quot;,&quot;disable_animation_on_mobile&quot;:&quot;no&quot;}\" data-widget_type=\"heading.default\">\n\t\t\t\t<div class=\"elementor-widget-container\">\n\t\t\t\t\t<div data-animation-type=\"type3\" ><h2 class=\"elementor-heading-title elementor-size-default\">Why <b>AMMA?<\/b><\/h2><\/div>\t\t\t\t<\/div>\n\t\t\t\t<\/div>\n\t\t\t\t<div class=\"elementor-element elementor-element-6735a11 elementor-widget elementor-widget-text-editor\" data-id=\"6735a11\" data-element_type=\"widget\" data-e-type=\"widget\" data-widget_type=\"text-editor.default\">\n\t\t\t\t<div class=\"elementor-widget-container\">\n\t\t\t\t\t\t\t\t\t<p>Because we have the product you are looking for and a whole range of other, consistent joinery elements. Because before you order, you can check with a visualization if it will suit your investment. Because our joinery is so good that it is appreciated by clients both domestically and abroad. Because we care about our clients.   <\/p>\t\t\t\t\t\t\t\t<\/div>\n\t\t\t\t<\/div>\n\t\t\t\t<div class=\"elementor-element elementor-element-c6b8d4b elementor-absolute elementor-view-default elementor-widget elementor-widget-icon\" data-id=\"c6b8d4b\" data-element_type=\"widget\" data-e-type=\"widget\" data-settings=\"{&quot;_position&quot;:&quot;absolute&quot;,&quot;cew_animation_ease&quot;:&quot;power1.out&quot;,&quot;cew_animation_enable&quot;:&quot;yes&quot;,&quot;cew_animation_scrub&quot;:&quot;yes&quot;,&quot;cew_animation_scrub_value&quot;:4,&quot;cew_animation_start_toggle&quot;:&quot;yes&quot;,&quot;cew_animation_end_toggle&quot;:&quot;yes&quot;,&quot;cew_animation_translate_y_toggle&quot;:&quot;yes&quot;,&quot;cew_animation_from_translate_y&quot;:{&quot;unit&quot;:&quot;%&quot;,&quot;size&quot;:-59,&quot;sizes&quot;:[]},&quot;cew_animation_to_translate_y&quot;:{&quot;unit&quot;:&quot;%&quot;,&quot;size&quot;:53,&quot;sizes&quot;:[]},&quot;cew_animation_start_window&quot;:{&quot;unit&quot;:&quot;%&quot;,&quot;size&quot;:100,&quot;sizes&quot;:[]},&quot;cew_animation_start_element&quot;:{&quot;unit&quot;:&quot;%&quot;,&quot;size&quot;:0,&quot;sizes&quot;:[]},&quot;cew_animation_end_window&quot;:{&quot;unit&quot;:&quot;%&quot;,&quot;size&quot;:0,&quot;sizes&quot;:[]},&quot;cew_animation_end_element&quot;:{&quot;unit&quot;:&quot;%&quot;,&quot;size&quot;:100,&quot;sizes&quot;:[]},&quot;cew_animation_from_translate_y_tablet&quot;:{&quot;unit&quot;:&quot;px&quot;,&quot;size&quot;:&quot;&quot;,&quot;sizes&quot;:[]},&quot;cew_animation_from_translate_y_mobile&quot;:{&quot;unit&quot;:&quot;px&quot;,&quot;size&quot;:&quot;&quot;,&quot;sizes&quot;:[]},&quot;cew_animation_to_translate_y_tablet&quot;:{&quot;unit&quot;:&quot;px&quot;,&quot;size&quot;:&quot;&quot;,&quot;sizes&quot;:[]},&quot;cew_animation_to_translate_y_mobile&quot;:{&quot;unit&quot;:&quot;px&quot;,&quot;size&quot;:&quot;&quot;,&quot;sizes&quot;:[]}}\" data-widget_type=\"icon.default\">\n\t\t\t\t<div class=\"elementor-widget-container\">\n\t\t\t\t\t\t\t<div class=\"elementor-icon-wrapper\">\n\t\t\t<div class=\"elementor-icon\">\n\t\t\t<i aria-hidden=\"true\" class=\"fas fa-circle\"><\/i>\t\t\t<\/div>\n\t\t<\/div>\n\t\t\t\t\t\t<\/div>\n\t\t\t\t<\/div>\n\t\t\t\t<\/div>\n\t\t\t\t<\/div>\n\t\t\t\t<\/div>\n\t\t","protected":false},"excerpt":{"rendered":"<p>Successful investments begin with quality joinery You will find it with us. Tell us what you need, and we will prepare a non-binding offer. AMMA Sp\u00f3\u0142ka z ograniczon\u0105 odpowiedzialno\u015bci\u0105 Sp.k. Tax ID: 612 185 97 30 KRS: 0000694585\u2028REGON: 366070528 ul. Ga\u0142czy\u0144skiego 13a 59-700 Boles\u0142awiec +48 75 732 74 73 amma@ammawindows.com Opening hours:\u2028Monday &#8211; Friday08:00\u201316:00 Our [&hellip;]<\/p>\n","protected":false},"author":1,"featured_media":0,"parent":0,"menu_order":0,"comment_status":"closed","ping_status":"closed","template":"","meta":{"_acf_changed":false,"footnotes":""},"class_list":["post-10043","page","type-page","status-publish","hentry"],"acf":[],"_links":{"self":[{"href":"https:\/\/ammawindows.com\/en\/wp-json\/wp\/v2\/pages\/10043","targetHints":{"allow":["GET"]}}],"collection":[{"href":"https:\/\/ammawindows.com\/en\/wp-json\/wp\/v2\/pages"}],"about":[{"href":"https:\/\/ammawindows.com\/en\/wp-json\/wp\/v2\/types\/page"}],"author":[{"embeddable":true,"href":"https:\/\/ammawindows.com\/en\/wp-json\/wp\/v2\/users\/1"}],"replies":[{"embeddable":true,"href":"https:\/\/ammawindows.com\/en\/wp-json\/wp\/v2\/comments?post=10043"}],"version-history":[{"count":2,"href":"https:\/\/ammawindows.com\/en\/wp-json\/wp\/v2\/pages\/10043\/revisions"}],"predecessor-version":[{"id":14973,"href":"https:\/\/ammawindows.com\/en\/wp-json\/wp\/v2\/pages\/10043\/revisions\/14973"}],"wp:attachment":[{"href":"https:\/\/ammawindows.com\/en\/wp-json\/wp\/v2\/media?parent=10043"}],"curies":[{"name":"wp","href":"https:\/\/api.w.org\/{rel}","templated":true}]}}